{"id":24515,"date":"2024-05-15T19:11:41","date_gmt":"2024-05-15T17:11:41","guid":{"rendered":"https:\/\/test204.ciancoders.com\/?page_id=24515"},"modified":"2025-03-22T14:11:05","modified_gmt":"2025-03-22T20:11:05","slug":"facilitacion-de-visas","status":"publish","type":"page","link":"https:\/\/test204.ciancoders.com\/en\/facilitacion-de-visas\/","title":{"rendered":"Visas"},"content":{"rendered":"<h1>Visa Program for AmCham Members<\/h1>\n<h3>Download the Visa Program Guide<\/h3>\n<p><a href=\"https:\/\/test204.ciancoders.com\/wp-content\/uploads\/2024\/05\/Programa-de-visas-para-asociados-a-AmCham.pdf\" target=\"_blank\" rel=\"noopener\"><br \/>\nDownload<br \/>\n<\/a><br \/>\n<img fetchpriority=\"high\" decoding=\"async\" src=\"https:\/\/test204.ciancoders.com\/wp-content\/uploads\/2024\/05\/Rectangle-1134-scaled.jpg\" sizes=\"(max-width: 2560px) 100vw, 2560px\" srcset=\"https:\/\/test204.ciancoders.com\/wp-content\/uploads\/2024\/05\/Rectangle-1134-scaled.jpg 2560w, https:\/\/test204.ciancoders.com\/wp-content\/uploads\/2024\/05\/Rectangle-1134-300x93.jpg 300w, https:\/\/test204.ciancoders.com\/wp-content\/uploads\/2024\/05\/Rectangle-1134-1024x316.jpg 1024w, https:\/\/test204.ciancoders.com\/wp-content\/uploads\/2024\/05\/Rectangle-1134-768x237.jpg 768w, https:\/\/test204.ciancoders.com\/wp-content\/uploads\/2024\/05\/Rectangle-1134-1536x474.jpg 1536w, https:\/\/test204.ciancoders.com\/wp-content\/uploads\/2024\/05\/Rectangle-1134-2048x632.jpg 2048w, https:\/\/test204.ciancoders.com\/wp-content\/uploads\/2024\/05\/Rectangle-1134-18x6.jpg 18w, https:\/\/test204.ciancoders.com\/wp-content\/uploads\/2024\/05\/Rectangle-1134-1920x593.jpg 1920w, https:\/\/test204.ciancoders.com\/wp-content\/uploads\/2024\/05\/Rectangle-1134-710x219.jpg 710w, https:\/\/test204.ciancoders.com\/wp-content\/uploads\/2024\/05\/Rectangle-1134-600x185.jpg 600w\" alt=\"\" width=\"2560\" height=\"790\" \/><\/p>\n<p>With the change in the platform for scheduling visa appointments at the U.S. Embassy, AmCham informs its members of the following steps to begin the visa application process:<\/p>\n<ol>\n<li><strong>1. Required Documentation:<\/strong><\/li>\n<\/ol>\n<ol>\n<li style=\"list-style-type: none;\">\n<ul>\n<li>Passport biographic (front) page.<\/li>\n<li>Completed DS-160 form.<\/li>\n<li>Letter from the company supporting the travel.<\/li>\n<\/ul>\n<\/li>\n<\/ol>\n<ol start=\"2\">\n<li><strong>2. Process with AmCham:<\/strong><\/li>\n<\/ol>\n<ol>\n<li style=\"list-style-type: none;\">\n<ul>\n<li>AmCham will create the applicant's profile for the B1\/B2 visa.<\/li>\n<li>AmCham will provide the payment slip for the cash deposit, which is personal and non-transferable.<\/li>\n<\/ul>\n<\/li>\n<\/ol>\n<p>It is important to note that if the applicant has already created their profile and made the payment independently, they will not be able to request the appointment through AmCham due to changes in the Embassy's system.<\/p>\n<p>The appointment process requires the applicant to be physically present at the Embassy with all the documentation indicated by AmCham.<\/p>\n<p><strong>Make sure to comply with the new visa appointment requirements. Please consult AmCham Guatemala.<\/strong><\/p>\n<p><strong>Note: The appointment scheduled by AmCham does not guarantee the issuance of the visa, as the decision is exclusively made by the U.S. Embassy and the Consular Officer conducting the interview.<\/strong> La cita gestionada por AmCham no garantiza la obtenci\u00f3n de la visa, ya que esta decisi\u00f3n es exclusiva de la Embajada Americana y del Oficial Consular que realice la entrevista.<\/p>\n<p><strong>For more information:<\/strong> Juan Fernando Staackmann (<a style=\"color: #83b0e4;\" href=\"mailto:staackmann@amcham.gt\" target=\"_blank\" rel=\"noopener\">staackmann@amcham.gt<\/a>)<\/p>","protected":false},"excerpt":{"rendered":"<p>Programa de Visas para Asociados de AmCham Descargar la Gu\u00eda para el Programa de Visas Descargar Con el cambio en la plataforma para agendar citas de visas en la Embajada de Estados Unidos, AmCham informa a sus socios sobre los siguientes pasos para iniciar el proceso de solicitud de visa: Documentaci\u00f3n requerida: P\u00e1gina frontal del pasaporte. Formulario DS-160 debidamente completado. Carta de la empresa que avale el viaje. Proceso con AmCham: AmCham crear\u00e1 el perfil del solicitante para la visa BI\/B2. AmCham proporcionar\u00e1 la boleta de pago en efectivo, la cual es personal e intransferible. Es importante destacar que si el solicitante ya cre\u00f3 su perfil y realiz\u00f3 el pago por cuenta propia, no podr\u00e1 solicitar la cita a trav\u00e9s de AmCham debido a los cambios en el sistema de la Embajada. El proceso de cita requiere que el solicitante asista presencialmente a la Embajada con toda la documentaci\u00f3n que ser\u00e1 indicada por AmCham. Aseg\u00farate de cumplir con los nuevos requisitos de citas de visa, consulta con AmCham Guatemala. Nota: La cita gestionada por AmCham no garantiza la obtenci\u00f3n de la visa, ya que esta decisi\u00f3n es exclusiva de la Embajada Americana y del Oficial Consular que realice la entrevista. M\u00e1s informaci\u00f3n: Juan Fernando Staackmann (staackmann@amcham.gt)<\/p>","protected":false},"author":1,"featured_media":0,"parent":0,"menu_order":0,"comment_status":"closed","ping_status":"closed","template":"","meta":{"_acf_changed":false,"pmpro_default_level":"","footnotes":""},"class_list":["post-24515","page","type-page","status-publish","hentry","pmpro-has-access"],"acf":[],"_links":{"self":[{"href":"https:\/\/test204.ciancoders.com\/en\/wp-json\/wp\/v2\/pages\/24515","targetHints":{"allow":["GET"]}}],"collection":[{"href":"https:\/\/test204.ciancoders.com\/en\/wp-json\/wp\/v2\/pages"}],"about":[{"href":"https:\/\/test204.ciancoders.com\/en\/wp-json\/wp\/v2\/types\/page"}],"author":[{"embeddable":true,"href":"https:\/\/test204.ciancoders.com\/en\/wp-json\/wp\/v2\/users\/1"}],"replies":[{"embeddable":true,"href":"https:\/\/test204.ciancoders.com\/en\/wp-json\/wp\/v2\/comments?post=24515"}],"version-history":[{"count":42,"href":"https:\/\/test204.ciancoders.com\/en\/wp-json\/wp\/v2\/pages\/24515\/revisions"}],"predecessor-version":[{"id":26965,"href":"https:\/\/test204.ciancoders.com\/en\/wp-json\/wp\/v2\/pages\/24515\/revisions\/26965"}],"wp:attachment":[{"href":"https:\/\/test204.ciancoders.com\/en\/wp-json\/wp\/v2\/media?parent=24515"}],"curies":[{"name":"wp","href":"https:\/\/api.w.org\/{rel}","templated":true}]}}