{"id":26477,"date":"2025-01-08T15:11:14","date_gmt":"2025-01-08T21:11:14","guid":{"rendered":"https:\/\/test204.ciancoders.com\/?page_id=26477"},"modified":"2025-06-27T09:51:55","modified_gmt":"2025-06-27T15:51:55","slug":"eventos","status":"publish","type":"page","link":"https:\/\/test204.ciancoders.com\/en\/eventos\/","title":{"rendered":"Events"},"content":{"rendered":"<div data-elementor-type=\"wp-page\" data-elementor-id=\"26477\" class=\"elementor elementor-26477\" data-elementor-post-type=\"page\">\n\t\t\t\t<div class=\"elementor-element elementor-element-1eb6588 e-flex e-con-boxed wpr-particle-no wpr-jarallax-no wpr-parallax-no wpr-sticky-section-no e-con e-parent\" data-id=\"1eb6588\" data-element_type=\"container\" data-settings=\"{&quot;ekit_has_onepagescroll_dot&quot;:&quot;yes&quot;}\">\n\t\t\t\t\t<div class=\"e-con-inner\">\n\t\t\t\t<div class=\"elementor-element elementor-element-c0afed9 cards_n_sub elementor-widget elementor-widget-etn-event-tab\" data-id=\"c0afed9\" data-element_type=\"widget\" id=\"cards_n_sub\" data-settings=\"{&quot;ekit_we_effect_on&quot;:&quot;none&quot;}\" data-widget_type=\"etn-event-tab.default\">\n\t\t\t\t<div class=\"elementor-widget-container\">\n\t\t\t\t\t<!-- schedule tab start -->\n<div class=\"event-tab-wrapper etn-tab-wrapper event-tab-1\">\n\t<ul class='etn-nav'>\n\t\t\t\t\t\t\t\t\t\t<li>\n\t\t\t\t\t\t\t\t\t<a href='#' class='etn-tab-a etn-active' data-id='tabc0afed9-1'>\n\t\t\t\t\t\t\t\t\t\t\tEvento\t\t\t\t\t\t\t\t\t<\/a>\n\t\t\t\t\t\t\t<\/li>\n\t\t\t\t\t\t\t\t<\/ul>\n\t<div class='etn-tab-content clearfix etn-schedule-wrap'>\n\t\t\t\t\t\t\t\t\t\t<div class=\"etn-tab tab-active\" data-id='tabc0afed9-1'>\n\t\t\t\t\t\t\t\t\t<div class='etn-row etn-event-wrapper etn-event-list2'>\n\t\t\t\t\t\t<p class=\"etn-not-found-post\">No Post Found<\/p>\n\t\t\t\t<\/div>\t\t\t\t\t\t\t<\/div>\n\n\t\t\t\t\t\t<\/div>\n<\/div>\t\t\t\t<\/div>\n\t\t\t\t<\/div>\n\t\t\t\t<div class=\"elementor-element elementor-element-3324140  cards_s_sub_individual elementor-widget elementor-widget-etn-event-tab\" data-id=\"3324140\" data-element_type=\"widget\" id=\"cards_s_sub_individual\" data-settings=\"{&quot;ekit_we_effect_on&quot;:&quot;none&quot;}\" data-widget_type=\"etn-event-tab.default\">\n\t\t\t\t<div class=\"elementor-widget-container\">\n\t\t\t\t\t<!-- schedule tab start -->\n<div class=\"event-tab-wrapper etn-tab-wrapper event-tab-1\">\n\t<ul class='etn-nav'>\n\t\t\t\t\t\t\t\t\t\t<li>\n\t\t\t\t\t\t\t\t\t<a href='#' class='etn-tab-a etn-active' data-id='tab3324140-1'>\n\t\t\t\t\t\t\t\t\t\t\tsin suscripcion\t\t\t\t\t\t\t\t\t<\/a>\n\t\t\t\t\t\t\t<\/li>\n\t\t\t\t\t\t\t\t\t\t\t\t\t\t<li>\n\t\t\t\t\t\t\t\t\t<a href='#' class='etn-tab-a' data-id='tab3324140-2'>\n\t\t\t\t\t\t\t\t\t\t\tcon suscripcion\t\t\t\t\t\t\t\t\t<\/a>\n\t\t\t\t\t\t\t<\/li>\n\t\t\t\t\t\t\t\t\t\t\t\t\t\t<li>\n\t\t\t\t\t\t\t\t\t<a href='#' class='etn-tab-a' data-id='tab3324140-3'>\n\t\t\t\t\t\t\t\t\t\t\tMusica\t\t\t\t\t\t\t\t\t<\/a>\n\t\t\t\t\t\t\t<\/li>\n\t\t\t\t\t\t\t\t\t\t\t\t\t\t<li>\n\t\t\t\t\t\t\t\t\t<a href='#' class='etn-tab-a' data-id='tab3324140-4'>\n\t\t\t\t\t\t\t\t\t\t\tInnovaci\u00f3n\t\t\t\t\t\t\t\t\t<\/a>\n\t\t\t\t\t\t\t<\/li>\n\t\t\t\t\t\t\t\t\t\t\t\t\t\t<li>\n\t\t\t\t\t\t\t\t\t<a href='#' class='etn-tab-a' data-id='tab3324140-5'>\n\t\t\t\t\t\t\t\t\t\t\tEducaci\u00f3n\t\t\t\t\t\t\t\t\t<\/a>\n\t\t\t\t\t\t\t<\/li>\n\t\t\t\t\t\t\t\t\t\t\t\t\t\t<li>\n\t\t\t\t\t\t\t\t\t<a href='#' class='etn-tab-a' data-id='tab3324140-6'>\n\t\t\t\t\t\t\t\t\t\t\tRecursos Humanos\t\t\t\t\t\t\t\t\t<\/a>\n\t\t\t\t\t\t\t<\/li>\n\t\t\t\t\t\t\t\t\t\t\t\t\t\t<li>\n\t\t\t\t\t\t\t\t\t<a href='#' class='etn-tab-a' data-id='tab3324140-7'>\n\t\t\t\t\t\t\t\t\t\t\tSostenibilidad\t\t\t\t\t\t\t\t\t<\/a>\n\t\t\t\t\t\t\t<\/li>\n\t\t\t\t\t\t\t\t<\/ul>\n\t<div class='etn-tab-content clearfix etn-schedule-wrap'>\n\t\t\t\t\t\t\t\t\t\t<div class=\"etn-tab tab-active\" data-id='tab3324140-1'>\n\t\t\t\t\t\t\t\t\t<div class='etn-row etn-event-wrapper'>\n        <p class=\"etn-not-found-post\">No Post Found<\/p>\n    <\/div>\t\t\t\t\t\t\t<\/div>\n\n\t\t\t\t\t\t\t\t\t\t\t\t<div class=\"etn-tab\" data-id='tab3324140-2'>\n\t\t\t\t\t\t\t\t\t<div class='etn-row etn-event-wrapper'>\n        <p class=\"etn-not-found-post\">No Post Found<\/p>\n    <\/div>\t\t\t\t\t\t\t<\/div>\n\n\t\t\t\t\t\t\t\t\t\t\t\t<div class=\"etn-tab\" data-id='tab3324140-3'>\n\t\t\t\t\t\t\t\t\t<div class='etn-row etn-event-wrapper'>\n        <p class=\"etn-not-found-post\">No Post Found<\/p>\n    <\/div>\t\t\t\t\t\t\t<\/div>\n\n\t\t\t\t\t\t\t\t\t\t\t\t<div class=\"etn-tab\" data-id='tab3324140-4'>\n\t\t\t\t\t\t\t\t\t<div class='etn-row etn-event-wrapper'>\n        <p class=\"etn-not-found-post\">No Post Found<\/p>\n    <\/div>\t\t\t\t\t\t\t<\/div>\n\n\t\t\t\t\t\t\t\t\t\t\t\t<div class=\"etn-tab\" data-id='tab3324140-5'>\n\t\t\t\t\t\t\t\t\t<div class='etn-row etn-event-wrapper'>\n        <p class=\"etn-not-found-post\">No Post Found<\/p>\n    <\/div>\t\t\t\t\t\t\t<\/div>\n\n\t\t\t\t\t\t\t\t\t\t\t\t<div class=\"etn-tab\" data-id='tab3324140-6'>\n\t\t\t\t\t\t\t\t\t<div class='etn-row etn-event-wrapper'>\n        <p class=\"etn-not-found-post\">No Post Found<\/p>\n    <\/div>\t\t\t\t\t\t\t<\/div>\n\n\t\t\t\t\t\t\t\t\t\t\t\t<div class=\"etn-tab\" data-id='tab3324140-7'>\n\t\t\t\t\t\t\t\t\t<div class='etn-row etn-event-wrapper'>\n        <p class=\"etn-not-found-post\">No Post Found<\/p>\n    <\/div>\t\t\t\t\t\t\t<\/div>\n\n\t\t\t\t\t\t<\/div>\n<\/div>\t\t\t\t<\/div>\n\t\t\t\t<\/div>\n\t\t\t\t<div class=\"elementor-element elementor-element-54cd3fe  cards_s_sub_corporativa elementor-widget elementor-widget-etn-event-tab\" data-id=\"54cd3fe\" data-element_type=\"widget\" id=\"cards_s_sub_corporativa\" data-settings=\"{&quot;ekit_we_effect_on&quot;:&quot;none&quot;}\" data-widget_type=\"etn-event-tab.default\">\n\t\t\t\t<div class=\"elementor-widget-container\">\n\t\t\t\t\t<!-- schedule tab start -->\n<div class=\"event-tab-wrapper etn-tab-wrapper event-tab-1\">\n\t<ul class='etn-nav'>\n\t\t\t\t\t\t\t\t\t\t<li>\n\t\t\t\t\t\t\t\t\t<a href='#' class='etn-tab-a etn-active' data-id='tab54cd3fe-1'>\n\t\t\t\t\t\t\t\t\t\t\tsin suscripcion\t\t\t\t\t\t\t\t\t<\/a>\n\t\t\t\t\t\t\t<\/li>\n\t\t\t\t\t\t\t\t\t\t\t\t\t\t<li>\n\t\t\t\t\t\t\t\t\t<a href='#' class='etn-tab-a' data-id='tab54cd3fe-2'>\n\t\t\t\t\t\t\t\t\t\t\tcon suscripcion\t\t\t\t\t\t\t\t\t<\/a>\n\t\t\t\t\t\t\t<\/li>\n\t\t\t\t\t\t\t\t\t\t\t\t\t\t<li>\n\t\t\t\t\t\t\t\t\t<a href='#' class='etn-tab-a' data-id='tab54cd3fe-3'>\n\t\t\t\t\t\t\t\t\t\t\tMusica\t\t\t\t\t\t\t\t\t<\/a>\n\t\t\t\t\t\t\t<\/li>\n\t\t\t\t\t\t\t\t\t\t\t\t\t\t<li>\n\t\t\t\t\t\t\t\t\t<a href='#' class='etn-tab-a' data-id='tab54cd3fe-4'>\n\t\t\t\t\t\t\t\t\t\t\tInnovaci\u00f3n\t\t\t\t\t\t\t\t\t<\/a>\n\t\t\t\t\t\t\t<\/li>\n\t\t\t\t\t\t\t\t\t\t\t\t\t\t<li>\n\t\t\t\t\t\t\t\t\t<a href='#' class='etn-tab-a' data-id='tab54cd3fe-5'>\n\t\t\t\t\t\t\t\t\t\t\tEducaci\u00f3n\t\t\t\t\t\t\t\t\t<\/a>\n\t\t\t\t\t\t\t<\/li>\n\t\t\t\t\t\t\t\t\t\t\t\t\t\t<li>\n\t\t\t\t\t\t\t\t\t<a href='#' class='etn-tab-a' data-id='tab54cd3fe-6'>\n\t\t\t\t\t\t\t\t\t\t\tRecursos Humanos\t\t\t\t\t\t\t\t\t<\/a>\n\t\t\t\t\t\t\t<\/li>\n\t\t\t\t\t\t\t\t\t\t\t\t\t\t<li>\n\t\t\t\t\t\t\t\t\t<a href='#' class='etn-tab-a' data-id='tab54cd3fe-7'>\n\t\t\t\t\t\t\t\t\t\t\tSostenibilidad\t\t\t\t\t\t\t\t\t<\/a>\n\t\t\t\t\t\t\t<\/li>\n\t\t\t\t\t\t\t\t<\/ul>\n\t<div class='etn-tab-content clearfix etn-schedule-wrap'>\n\t\t\t\t\t\t\t\t\t\t<div class=\"etn-tab tab-active\" data-id='tab54cd3fe-1'>\n\t\t\t\t\t\t\t\t\t<div class='etn-row etn-event-wrapper'>\n        <p class=\"etn-not-found-post\">No Post Found<\/p>\n    <\/div>\t\t\t\t\t\t\t<\/div>\n\n\t\t\t\t\t\t\t\t\t\t\t\t<div class=\"etn-tab\" data-id='tab54cd3fe-2'>\n\t\t\t\t\t\t\t\t\t<div class='etn-row etn-event-wrapper'>\n        <p class=\"etn-not-found-post\">No Post Found<\/p>\n    <\/div>\t\t\t\t\t\t\t<\/div>\n\n\t\t\t\t\t\t\t\t\t\t\t\t<div class=\"etn-tab\" data-id='tab54cd3fe-3'>\n\t\t\t\t\t\t\t\t\t<div class='etn-row etn-event-wrapper'>\n        <p class=\"etn-not-found-post\">No Post Found<\/p>\n    <\/div>\t\t\t\t\t\t\t<\/div>\n\n\t\t\t\t\t\t\t\t\t\t\t\t<div class=\"etn-tab\" data-id='tab54cd3fe-4'>\n\t\t\t\t\t\t\t\t\t<div class='etn-row etn-event-wrapper'>\n        <p class=\"etn-not-found-post\">No Post Found<\/p>\n    <\/div>\t\t\t\t\t\t\t<\/div>\n\n\t\t\t\t\t\t\t\t\t\t\t\t<div class=\"etn-tab\" data-id='tab54cd3fe-5'>\n\t\t\t\t\t\t\t\t\t<div class='etn-row etn-event-wrapper'>\n        <p class=\"etn-not-found-post\">No Post Found<\/p>\n    <\/div>\t\t\t\t\t\t\t<\/div>\n\n\t\t\t\t\t\t\t\t\t\t\t\t<div class=\"etn-tab\" data-id='tab54cd3fe-6'>\n\t\t\t\t\t\t\t\t\t<div class='etn-row etn-event-wrapper'>\n        <p class=\"etn-not-found-post\">No Post Found<\/p>\n    <\/div>\t\t\t\t\t\t\t<\/div>\n\n\t\t\t\t\t\t\t\t\t\t\t\t<div class=\"etn-tab\" data-id='tab54cd3fe-7'>\n\t\t\t\t\t\t\t\t\t<div class='etn-row etn-event-wrapper'>\n        <p class=\"etn-not-found-post\">No Post Found<\/p>\n    <\/div>\t\t\t\t\t\t\t<\/div>\n\n\t\t\t\t\t\t<\/div>\n<\/div>\t\t\t\t<\/div>\n\t\t\t\t<\/div>\n\t\t\t\t<div class=\"elementor-element elementor-element-06304a3  cards_s_sub_global elementor-widget elementor-widget-etn-event-tab\" data-id=\"06304a3\" data-element_type=\"widget\" id=\"cards_s_sub_global\" data-settings=\"{&quot;ekit_we_effect_on&quot;:&quot;none&quot;}\" data-widget_type=\"etn-event-tab.default\">\n\t\t\t\t<div class=\"elementor-widget-container\">\n\t\t\t\t\t<!-- schedule tab start -->\n<div class=\"event-tab-wrapper etn-tab-wrapper event-tab-1\">\n\t<ul class='etn-nav'>\n\t\t\t\t\t\t\t\t\t\t<li>\n\t\t\t\t\t\t\t\t\t<a href='#' class='etn-tab-a etn-active' data-id='tab06304a3-1'>\n\t\t\t\t\t\t\t\t\t\t\tsin suscripcion\t\t\t\t\t\t\t\t\t<\/a>\n\t\t\t\t\t\t\t<\/li>\n\t\t\t\t\t\t\t\t\t\t\t\t\t\t<li>\n\t\t\t\t\t\t\t\t\t<a href='#' class='etn-tab-a' data-id='tab06304a3-2'>\n\t\t\t\t\t\t\t\t\t\t\tcon suscripcion\t\t\t\t\t\t\t\t\t<\/a>\n\t\t\t\t\t\t\t<\/li>\n\t\t\t\t\t\t\t\t\t\t\t\t\t\t<li>\n\t\t\t\t\t\t\t\t\t<a href='#' class='etn-tab-a' data-id='tab06304a3-3'>\n\t\t\t\t\t\t\t\t\t\t\tMusica\t\t\t\t\t\t\t\t\t<\/a>\n\t\t\t\t\t\t\t<\/li>\n\t\t\t\t\t\t\t\t\t\t\t\t\t\t<li>\n\t\t\t\t\t\t\t\t\t<a href='#' class='etn-tab-a' data-id='tab06304a3-4'>\n\t\t\t\t\t\t\t\t\t\t\tInnovaci\u00f3n\t\t\t\t\t\t\t\t\t<\/a>\n\t\t\t\t\t\t\t<\/li>\n\t\t\t\t\t\t\t\t\t\t\t\t\t\t<li>\n\t\t\t\t\t\t\t\t\t<a href='#' class='etn-tab-a' data-id='tab06304a3-5'>\n\t\t\t\t\t\t\t\t\t\t\tEducaci\u00f3n\t\t\t\t\t\t\t\t\t<\/a>\n\t\t\t\t\t\t\t<\/li>\n\t\t\t\t\t\t\t\t\t\t\t\t\t\t<li>\n\t\t\t\t\t\t\t\t\t<a href='#' class='etn-tab-a' data-id='tab06304a3-6'>\n\t\t\t\t\t\t\t\t\t\t\tRecursos Humanos\t\t\t\t\t\t\t\t\t<\/a>\n\t\t\t\t\t\t\t<\/li>\n\t\t\t\t\t\t\t\t\t\t\t\t\t\t<li>\n\t\t\t\t\t\t\t\t\t<a href='#' class='etn-tab-a' data-id='tab06304a3-7'>\n\t\t\t\t\t\t\t\t\t\t\tSostenibilidad\t\t\t\t\t\t\t\t\t<\/a>\n\t\t\t\t\t\t\t<\/li>\n\t\t\t\t\t\t\t\t<\/ul>\n\t<div class='etn-tab-content clearfix etn-schedule-wrap'>\n\t\t\t\t\t\t\t\t\t\t<div class=\"etn-tab tab-active\" data-id='tab06304a3-1'>\n\t\t\t\t\t\t\t\t\t<div class='etn-row etn-event-wrapper'>\n        <p class=\"etn-not-found-post\">No Post Found<\/p>\n    <\/div>\t\t\t\t\t\t\t<\/div>\n\n\t\t\t\t\t\t\t\t\t\t\t\t<div class=\"etn-tab\" data-id='tab06304a3-2'>\n\t\t\t\t\t\t\t\t\t<div class='etn-row etn-event-wrapper'>\n        <p class=\"etn-not-found-post\">No Post Found<\/p>\n    <\/div>\t\t\t\t\t\t\t<\/div>\n\n\t\t\t\t\t\t\t\t\t\t\t\t<div class=\"etn-tab\" data-id='tab06304a3-3'>\n\t\t\t\t\t\t\t\t\t<div class='etn-row etn-event-wrapper'>\n        <p class=\"etn-not-found-post\">No Post Found<\/p>\n    <\/div>\t\t\t\t\t\t\t<\/div>\n\n\t\t\t\t\t\t\t\t\t\t\t\t<div class=\"etn-tab\" data-id='tab06304a3-4'>\n\t\t\t\t\t\t\t\t\t<div class='etn-row etn-event-wrapper'>\n        <p class=\"etn-not-found-post\">No Post Found<\/p>\n    <\/div>\t\t\t\t\t\t\t<\/div>\n\n\t\t\t\t\t\t\t\t\t\t\t\t<div class=\"etn-tab\" data-id='tab06304a3-5'>\n\t\t\t\t\t\t\t\t\t<div class='etn-row etn-event-wrapper'>\n        <p class=\"etn-not-found-post\">No Post Found<\/p>\n    <\/div>\t\t\t\t\t\t\t<\/div>\n\n\t\t\t\t\t\t\t\t\t\t\t\t<div class=\"etn-tab\" data-id='tab06304a3-6'>\n\t\t\t\t\t\t\t\t\t<div class='etn-row etn-event-wrapper'>\n        <p class=\"etn-not-found-post\">No Post Found<\/p>\n    <\/div>\t\t\t\t\t\t\t<\/div>\n\n\t\t\t\t\t\t\t\t\t\t\t\t<div class=\"etn-tab\" data-id='tab06304a3-7'>\n\t\t\t\t\t\t\t\t\t<div class='etn-row etn-event-wrapper'>\n        <p class=\"etn-not-found-post\">No Post Found<\/p>\n    <\/div>\t\t\t\t\t\t\t<\/div>\n\n\t\t\t\t\t\t<\/div>\n<\/div>\t\t\t\t<\/div>\n\t\t\t\t<\/div>\n\t\t\t\t\t<\/div>\n\t\t\t\t<\/div>\n\t\t\t\t<\/div>","protected":false},"excerpt":{"rendered":"<p>Evento Evento Hotel Real InterContinental, Sal\u00f3n Gran Roble Q995-Q1500 Labor Summit \u00a0 2025-07-08 Attend Evento Hotel Real InterContinental, Sal\u00f3n Roble II Q495-Q595 Guatemala Y EE.UU. en Perspectiva: Aranceles y An\u00e1lisis Econ\u00f3mico del segundo semestre 2025 2025-07-15 Attend Evento The Westin Camino Real, Sal\u00f3n Oro Q895-Q1350 Summit Sostenibilidad e Inversi\u00f3n: creando valor para el futuro 2025-08-04 Attend sin suscripcion con suscripcion Musica Innovaci\u00f3n Educaci\u00f3n Recursos Humanos Sostenibilidad No Post Found No Post Found No Post Found No Post Found No Post Found No Post Found No Post Found sin suscripcion con suscripcion Musica Innovaci\u00f3n Educaci\u00f3n Recursos Humanos Sostenibilidad No Post Found No Post Found No Post Found No Post Found No Post Found No Post Found No Post Found sin suscripcion con suscripcion Musica Innovaci\u00f3n Educaci\u00f3n Recursos Humanos Sostenibilidad No Post Found No Post Found No Post Found No Post Found No Post Found No Post Found No Post Found<\/p>","protected":false},"author":1,"featured_media":0,"parent":0,"menu_order":0,"comment_status":"closed","ping_status":"closed","template":"","meta":{"_acf_changed":false,"pmpro_default_level":"","footnotes":""},"class_list":["post-26477","page","type-page","status-publish","hentry","pmpro-has-access"],"acf":[],"_links":{"self":[{"href":"https:\/\/test204.ciancoders.com\/en\/wp-json\/wp\/v2\/pages\/26477","targetHints":{"allow":["GET"]}}],"collection":[{"href":"https:\/\/test204.ciancoders.com\/en\/wp-json\/wp\/v2\/pages"}],"about":[{"href":"https:\/\/test204.ciancoders.com\/en\/wp-json\/wp\/v2\/types\/page"}],"author":[{"embeddable":true,"href":"https:\/\/test204.ciancoders.com\/en\/wp-json\/wp\/v2\/users\/1"}],"replies":[{"embeddable":true,"href":"https:\/\/test204.ciancoders.com\/en\/wp-json\/wp\/v2\/comments?post=26477"}],"version-history":[{"count":104,"href":"https:\/\/test204.ciancoders.com\/en\/wp-json\/wp\/v2\/pages\/26477\/revisions"}],"predecessor-version":[{"id":27568,"href":"https:\/\/test204.ciancoders.com\/en\/wp-json\/wp\/v2\/pages\/26477\/revisions\/27568"}],"wp:attachment":[{"href":"https:\/\/test204.ciancoders.com\/en\/wp-json\/wp\/v2\/media?parent=26477"}],"curies":[{"name":"wp","href":"https:\/\/api.w.org\/{rel}","templated":true}]}}