{"id":25909,"date":"2024-06-23T18:41:25","date_gmt":"2024-06-24T00:41:25","guid":{"rendered":"https:\/\/test204.ciancoders.com\/?post_type=product&#038;p=25909"},"modified":"2024-07-06T19:17:48","modified_gmt":"2024-07-07T01:17:48","slug":"california-2","status":"publish","type":"product","link":"https:\/\/test204.ciancoders.com\/en\/product\/california-2\/","title":{"rendered":"California"},"content":{"rendered":"<p>El estado de California se encuentra ubicado en la costa oeste de los Estados Unidos. Ha desarrollado una econom\u00eda muy diversa y basada en grandes sectores de alta tecnolog\u00eda dentro de los cuales destacan la sociedad de informaci\u00f3n, la ingenier\u00eda medioambiental, el sector audiovisual y biomedicina por lo que es el sexto estado con el Ingreso Per C\u00e1pita m\u00e1s alto.<\/p>","protected":false},"excerpt":{"rendered":"<p>El estado de California se encuentra ubicado en la costa oeste de los Estados Unidos. Ha desarrollado una econom\u00eda muy diversa y basada en grandes sectores de alta tecnolog\u00eda dentro de los cuales destacan la sociedad de informaci\u00f3n, la ingenier\u00eda medioambiental, el sector audiovisual y biomedicina por lo que es el sexto estado con el Ingreso Per C\u00e1pita m\u00e1s alto.<\/p>","protected":false},"featured_media":25297,"template":"","meta":{"_acf_changed":false,"pmpro_default_level":""},"product_brand":[],"product_cat":[83],"product_tag":[],"class_list":{"0":"post-25909","1":"product","2":"type-product","3":"status-publish","4":"has-post-thumbnail","6":"product_cat-perfiles-de-estado","7":"pmpro-has-access","9":"first","10":"instock","11":"downloadable","12":"virtual","13":"sold-individually","14":"purchasable","15":"product-type-simple"},"acf":[],"_links":{"self":[{"href":"https:\/\/test204.ciancoders.com\/en\/wp-json\/wp\/v2\/product\/25909","targetHints":{"allow":["GET"]}}],"collection":[{"href":"https:\/\/test204.ciancoders.com\/en\/wp-json\/wp\/v2\/product"}],"about":[{"href":"https:\/\/test204.ciancoders.com\/en\/wp-json\/wp\/v2\/types\/product"}],"version-history":[{"count":1,"href":"https:\/\/test204.ciancoders.com\/en\/wp-json\/wp\/v2\/product\/25909\/revisions"}],"predecessor-version":[{"id":25910,"href":"https:\/\/test204.ciancoders.com\/en\/wp-json\/wp\/v2\/product\/25909\/revisions\/25910"}],"wp:featuredmedia":[{"embeddable":true,"href":"https:\/\/test204.ciancoders.com\/en\/wp-json\/wp\/v2\/media\/25297"}],"wp:attachment":[{"href":"https:\/\/test204.ciancoders.com\/en\/wp-json\/wp\/v2\/media?parent=25909"}],"wp:term":[{"taxonomy":"product_brand","embeddable":true,"href":"https:\/\/test204.ciancoders.com\/en\/wp-json\/wp\/v2\/product_brand?post=25909"},{"taxonomy":"product_cat","embeddable":true,"href":"https:\/\/test204.ciancoders.com\/en\/wp-json\/wp\/v2\/product_cat?post=25909"},{"taxonomy":"product_tag","embeddable":true,"href":"https:\/\/test204.ciancoders.com\/en\/wp-json\/wp\/v2\/product_tag?post=25909"}],"curies":[{"name":"wp","href":"https:\/\/api.w.org\/{rel}","templated":true}]}}